{"id":24,"date":"2021-05-29T23:16:11","date_gmt":"2021-05-29T21:16:11","guid":{"rendered":"https:\/\/leptitmanege.fr\/?page_id=24"},"modified":"2026-01-28T21:38:02","modified_gmt":"2026-01-28T20:38:02","slug":"le-carrousel-enfantin-du-parc-pasteur-avec-mamyvonne-aux-manettes","status":"publish","type":"page","link":"https:\/\/leptitmanege.fr\/","title":{"rendered":"Le man\u00e8ge enfantin du parc Pasteur, avec Dam&rsquo;Yvonne aux manettes."},"content":{"rendered":"\n<p class=\"has-medium-font-size\">Tout en po\u00e9sie, ce v\u00e9n\u00e9rable carrousel, construit en 1938, accueille les enfants d\u00e8s qu\u2019ils savent s\u2019asseoir dans un avion ou une voiture au si\u00e8ge profond, avec ceinture de maintien. Ils aimeront aussi le bateau, la voiture de pompiers, l\u2019h\u00e9licopt\u00e8re. Les plus grands sont heureux de chevaucher diff\u00e9rents animaux de bois qui prennent leur galop sur des airs de ritournelle, une moto, des v\u00e9los et d&rsquo;autres surprises de ce man\u00e8ge, un grand p\u00e8re heureux.<\/p>\n\n\n\n<p class=\"has-medium-font-size\">Vous le trouverez du cot\u00e9 du kiosque, au nord du parc, tout en profitant de ce cadre magnifique aux arbres remarquables, aux pelouses autoris\u00e9es au picnic, un plan d\u2019eau, des aires de jeux pour tout petit et plus grand.<\/p>\n\n\n\n<figure class=\"wp-block-gallery has-nested-images columns-6 is-cropped wp-block-gallery-1 is-layout-flex wp-block-gallery-is-layout-flex\">\n<figure class=\"wp-block-image size-large\"><img loading=\"lazy\" decoding=\"async\" width=\"480\" height=\"640\" data-id=\"82\" src=\"https:\/\/leptitmanege.fr\/wp-content\/uploads\/2021\/06\/166221679_1294824234234510_6992028377692594614_n.jpg\" alt=\"\" class=\"wp-image-82\" srcset=\"https:\/\/leptitmanege.fr\/wp-content\/uploads\/2021\/06\/166221679_1294824234234510_6992028377692594614_n.jpg 480w, https:\/\/leptitmanege.fr\/wp-content\/uploads\/2021\/06\/166221679_1294824234234510_6992028377692594614_n-225x300.jpg 225w\" sizes=\"auto, (max-width: 480px) 100vw, 480px\" \/><\/figure>\n\n\n\n<figure class=\"wp-block-image size-large\"><img loading=\"lazy\" decoding=\"async\" width=\"768\" height=\"1024\" data-id=\"155\" src=\"https:\/\/leptitmanege.fr\/wp-content\/uploads\/2022\/03\/IMG_20220202_154048-768x1024.jpg\" alt=\"\" class=\"wp-image-155\" srcset=\"https:\/\/leptitmanege.fr\/wp-content\/uploads\/2022\/03\/IMG_20220202_154048-768x1024.jpg 768w, https:\/\/leptitmanege.fr\/wp-content\/uploads\/2022\/03\/IMG_20220202_154048-225x300.jpg 225w, https:\/\/leptitmanege.fr\/wp-content\/uploads\/2022\/03\/IMG_20220202_154048-1152x1536.jpg 1152w, https:\/\/leptitmanege.fr\/wp-content\/uploads\/2022\/03\/IMG_20220202_154048-1536x2048.jpg 1536w, https:\/\/leptitmanege.fr\/wp-content\/uploads\/2022\/03\/IMG_20220202_154048-scaled.jpg 1920w\" sizes=\"auto, (max-width: 768px) 100vw, 768px\" \/><\/figure>\n\n\n\n<figure class=\"wp-block-image size-large\"><img loading=\"lazy\" decoding=\"async\" width=\"1024\" height=\"683\" data-id=\"84\" src=\"https:\/\/leptitmanege.fr\/wp-content\/uploads\/2021\/06\/Le-ptit-Manege-Parc-Pasteur-Orleans-\u00a9-Photo-Michel-Picard-0G5A9621-1024x683.jpg\" alt=\"\" class=\"wp-image-84\" srcset=\"https:\/\/leptitmanege.fr\/wp-content\/uploads\/2021\/06\/Le-ptit-Manege-Parc-Pasteur-Orleans-\u00a9-Photo-Michel-Picard-0G5A9621-1024x683.jpg 1024w, https:\/\/leptitmanege.fr\/wp-content\/uploads\/2021\/06\/Le-ptit-Manege-Parc-Pasteur-Orleans-\u00a9-Photo-Michel-Picard-0G5A9621-300x200.jpg 300w, https:\/\/leptitmanege.fr\/wp-content\/uploads\/2021\/06\/Le-ptit-Manege-Parc-Pasteur-Orleans-\u00a9-Photo-Michel-Picard-0G5A9621-768x512.jpg 768w, https:\/\/leptitmanege.fr\/wp-content\/uploads\/2021\/06\/Le-ptit-Manege-Parc-Pasteur-Orleans-\u00a9-Photo-Michel-Picard-0G5A9621-1536x1024.jpg 1536w, https:\/\/leptitmanege.fr\/wp-content\/uploads\/2021\/06\/Le-ptit-Manege-Parc-Pasteur-Orleans-\u00a9-Photo-Michel-Picard-0G5A9621.jpg 1800w\" sizes=\"auto, (max-width: 1024px) 100vw, 1024px\" \/><\/figure>\n\n\n\n<figure class=\"wp-block-image size-large\"><img loading=\"lazy\" decoding=\"async\" width=\"1024\" height=\"678\" data-id=\"85\" src=\"https:\/\/leptitmanege.fr\/wp-content\/uploads\/2021\/06\/payet-juin-20191-1024x678.jpg\" alt=\"\" class=\"wp-image-85\" srcset=\"https:\/\/leptitmanege.fr\/wp-content\/uploads\/2021\/06\/payet-juin-20191-1024x678.jpg 1024w, https:\/\/leptitmanege.fr\/wp-content\/uploads\/2021\/06\/payet-juin-20191-300x199.jpg 300w, https:\/\/leptitmanege.fr\/wp-content\/uploads\/2021\/06\/payet-juin-20191-768x509.jpg 768w, https:\/\/leptitmanege.fr\/wp-content\/uploads\/2021\/06\/payet-juin-20191-1536x1017.jpg 1536w, https:\/\/leptitmanege.fr\/wp-content\/uploads\/2021\/06\/payet-juin-20191-2048x1356.jpg 2048w\" sizes=\"auto, (max-width: 1024px) 100vw, 1024px\" \/><\/figure>\n\n\n\n<figure class=\"wp-block-image size-large\"><img loading=\"lazy\" decoding=\"async\" width=\"1024\" height=\"678\" data-id=\"86\" src=\"https:\/\/leptitmanege.fr\/wp-content\/uploads\/2021\/06\/payet-juin-20192-1024x678.jpg\" alt=\"\" class=\"wp-image-86\" srcset=\"https:\/\/leptitmanege.fr\/wp-content\/uploads\/2021\/06\/payet-juin-20192-1024x678.jpg 1024w, https:\/\/leptitmanege.fr\/wp-content\/uploads\/2021\/06\/payet-juin-20192-300x199.jpg 300w, https:\/\/leptitmanege.fr\/wp-content\/uploads\/2021\/06\/payet-juin-20192-768x509.jpg 768w, https:\/\/leptitmanege.fr\/wp-content\/uploads\/2021\/06\/payet-juin-20192-1536x1017.jpg 1536w, https:\/\/leptitmanege.fr\/wp-content\/uploads\/2021\/06\/payet-juin-20192-2048x1356.jpg 2048w\" sizes=\"auto, (max-width: 1024px) 100vw, 1024px\" \/><\/figure>\n\n\n\n<figure class=\"wp-block-image size-large\"><img loading=\"lazy\" decoding=\"async\" width=\"680\" height=\"1024\" data-id=\"87\" src=\"https:\/\/leptitmanege.fr\/wp-content\/uploads\/2021\/06\/sossa-marso-2021-680x1024.jpg\" alt=\"\" class=\"wp-image-87\" srcset=\"https:\/\/leptitmanege.fr\/wp-content\/uploads\/2021\/06\/sossa-marso-2021-680x1024.jpg 680w, https:\/\/leptitmanege.fr\/wp-content\/uploads\/2021\/06\/sossa-marso-2021-199x300.jpg 199w, https:\/\/leptitmanege.fr\/wp-content\/uploads\/2021\/06\/sossa-marso-2021-768x1156.jpg 768w, https:\/\/leptitmanege.fr\/wp-content\/uploads\/2021\/06\/sossa-marso-2021-1021x1536.jpg 1021w, https:\/\/leptitmanege.fr\/wp-content\/uploads\/2021\/06\/sossa-marso-2021-1361x2048.jpg 1361w, https:\/\/leptitmanege.fr\/wp-content\/uploads\/2021\/06\/sossa-marso-2021-scaled.jpg 1701w\" sizes=\"auto, (max-width: 680px) 100vw, 680px\" \/><\/figure>\n<\/figure>\n\n\n\n<p>Sur le <a href=\"https:\/\/www.facebook.com\/leptitmanegeparcpasteur?__cft__[0]=AZXkRi3Eg3up1VSJHnjLyOdYDFbStDsjT3AIW5q773myCwnzVLMFIws9zOCqAx18_0vmZMd1gCcmWyOX6cFoCKnbYFyxYw32AGEhPGoFKN1CywVpa-LwNdQ7ESQDXH_hqQpqzpwHYFHbxQOne3CZQPNbhFH1atlsI96NROof7OCTYiCHGR7T_bIi-8XIYtz1w6E&amp;__tn__=-]K-R\">Le P&rsquo;tit Man\u00e8ge<\/a> vous trouverez une selle inclusive, pour la joie de tous les enfants qui ont besoin d&rsquo;un maintien. Pens\u00e9e en collaboration avec des <a href=\"https:\/\/www.facebook.com\/desrevespouryanis?__cft__[0]=AZXkRi3Eg3up1VSJHnjLyOdYDFbStDsjT3AIW5q773myCwnzVLMFIws9zOCqAx18_0vmZMd1gCcmWyOX6cFoCKnbYFyxYw32AGEhPGoFKN1CywVpa-LwNdQ7ESQDXH_hqQpqzpwHYFHbxQOne3CZQPNbhFH1atlsI96NROof7OCTYiCHGR7T_bIi-8XIYtz1w6E&amp;__tn__=-]K-R\">Des r\u00eaves pour Yanis<\/a>, r\u00e9aliser par mes soins de cartoniste <img loading=\"lazy\" decoding=\"async\" width=\"150\" height=\"200\" class=\"wp-image-250\" style=\"width: 150px;\" src=\"https:\/\/leptitmanege.fr\/wp-content\/uploads\/2024\/02\/kidi-IMG_20240203_173146-scaled.jpg\" alt=\"\" srcset=\"https:\/\/leptitmanege.fr\/wp-content\/uploads\/2024\/02\/kidi-IMG_20240203_173146-scaled.jpg 1920w, https:\/\/leptitmanege.fr\/wp-content\/uploads\/2024\/02\/kidi-IMG_20240203_173146-225x300.jpg 225w, https:\/\/leptitmanege.fr\/wp-content\/uploads\/2024\/02\/kidi-IMG_20240203_173146-768x1024.jpg 768w, https:\/\/leptitmanege.fr\/wp-content\/uploads\/2024\/02\/kidi-IMG_20240203_173146-1152x1536.jpg 1152w, https:\/\/leptitmanege.fr\/wp-content\/uploads\/2024\/02\/kidi-IMG_20240203_173146-1536x2048.jpg 1536w\" sizes=\"auto, (max-width: 150px) 100vw, 150px\" \/> <img loading=\"lazy\" decoding=\"async\" width=\"150\" height=\"200\" class=\"wp-image-251\" style=\"width: 150px;\" src=\"https:\/\/leptitmanege.fr\/wp-content\/uploads\/2024\/02\/kidi-IMG_20240203_171558-scaled.jpg\" alt=\"\" srcset=\"https:\/\/leptitmanege.fr\/wp-content\/uploads\/2024\/02\/kidi-IMG_20240203_171558-scaled.jpg 1920w, https:\/\/leptitmanege.fr\/wp-content\/uploads\/2024\/02\/kidi-IMG_20240203_171558-225x300.jpg 225w, https:\/\/leptitmanege.fr\/wp-content\/uploads\/2024\/02\/kidi-IMG_20240203_171558-768x1024.jpg 768w, https:\/\/leptitmanege.fr\/wp-content\/uploads\/2024\/02\/kidi-IMG_20240203_171558-1152x1536.jpg 1152w, https:\/\/leptitmanege.fr\/wp-content\/uploads\/2024\/02\/kidi-IMG_20240203_171558-1536x2048.jpg 1536w\" sizes=\"auto, (max-width: 150px) 100vw, 150px\" \/> <a href=\"https:\/\/www.sacartoun.com\/?fbclid=IwAR3qbYSY9MPDSbORec7UfYD4CWfyblmiEvSw_pKumVq-8O_zIkGCjvJkCR4\" target=\"_blank\" rel=\"noreferrer noopener\">https:\/\/www.sacartoun.com\/<\/a><img loading=\"lazy\" decoding=\"async\" width=\"16\" height=\"16\" src=\"https:\/\/static.xx.fbcdn.net\/images\/emoji.php\/v9\/t57\/1\/16\/1f609.png\" alt=\"\ud83d\ude09\"><\/p>\n\n\n\n<h1 class=\"wp-block-heading has-text-align-center\">Horaires du man\u00e8ge<\/h1>\n\n\n\n<h4 class=\"wp-block-heading has-text-align-center\">Tous les jours, les apr\u00e8s midis, de d\u00e9but f\u00e9vrier aux vacances de Toussaint comprises.<\/h4>\n\n\n\n<h5 class=\"wp-block-heading has-text-align-center\">14h (15h les jours scolaire) \u00e0 17h45 en \u00ab\u00a0hiver\u00a0\u00bb et 19h en \u00ab\u00a0\u00e9t\u00e9\u00a0\u00bb<br>Le changement correspond  aux dates nationales de changement d&rsquo;heure<br>Ferm\u00e9 de novembre \u00e0 janvier et s&rsquo;il pleut continuellement.<br><br><strong>Pour toutes pr\u00e9cisions au jour le jour, faites un sms : 06.60.18.39.49<\/strong><\/h5>\n\n\n\n<h5 class=\"wp-block-heading has-text-align-center\">Vous recevrez mes \u00a0\u00bb P&rsquo;tites nouvelles\u00a0\u00bb, soit 5 mails par an,  en le demandant<br> \u00e0 leptitmanege{at}daroussin.net <\/h5>\n\n\n\n<h4 class=\"wp-block-heading has-text-align-center\"> et plus sur ma page <a rel=\"noreferrer noopener\" href=\"https:\/\/m.facebook.com\/Le-Ptit-Man%C3%A8ge-340401176788077\/\" target=\"_blank\">FB<\/a>.<\/h4>\n\n\n\n<h1 class=\"wp-block-heading\">Tarifs du man\u00e8ge<\/h1>\n\n\n<div class=\"wp-block-image\">\n<figure class=\"aligncenter size-medium\"><img loading=\"lazy\" decoding=\"async\" width=\"300\" height=\"212\" src=\"https:\/\/leptitmanege.fr\/wp-content\/uploads\/2021\/05\/tarif-2021-300x212.jpeg\" alt=\"\" class=\"wp-image-49\" srcset=\"https:\/\/leptitmanege.fr\/wp-content\/uploads\/2021\/05\/tarif-2021-300x212.jpeg 300w, https:\/\/leptitmanege.fr\/wp-content\/uploads\/2021\/05\/tarif-2021-1024x724.jpeg 1024w, https:\/\/leptitmanege.fr\/wp-content\/uploads\/2021\/05\/tarif-2021-768x543.jpeg 768w, https:\/\/leptitmanege.fr\/wp-content\/uploads\/2021\/05\/tarif-2021.jpeg 1191w\" sizes=\"auto, (max-width: 300px) 100vw, 300px\" \/><\/figure>\n<\/div>\n\n\n<h2 class=\"wp-block-heading has-text-align-center\">Les tickets sont vendus sur place, et <a href=\"http:\/\/www.dominomot.net\/?page_id=1037\" target=\"_blank\" rel=\"noreferrer noopener\">en ligne<\/a>.<\/h2>\n\n\n\n<h2 class=\"wp-block-heading\">Petite histoire du man\u00e8ge <\/h2>\n\n\n\n<p>En 1919, Mr Pernin, le grand p\u00e8re, qui vient de vivre les tranch\u00e9es et les gaz,&nbsp; ach\u00e8te un petit man\u00e8ge. Ces 2 fils continuent l&rsquo;histoire. Leurs man\u00e8ges tournent sur les mails. Celui-ci construit en 1938, est install\u00e9 au parc Pasteur depuis 1964. Le petit fils, Eric, prend la suite en 1994. Il raconte \u00e0 la R\u00e9p : <a rel=\"noreferrer noopener\" href=\"https:\/\/www.larep.fr\/orleans-45000\/loisirs\/connaissez-vous-ces-anecdotes-sur-le-manege-pernin-qui-tourne-au-parc-pasteur-d-orleans-depuis-1994_12963357\/\" target=\"_blank\">https:\/\/www.larep.fr\/orleans-45000\/loisirs\/connaissez-vous-ces-anecdotes-sur-le-manege-pernin-qui-tourne-au-parc-pasteur-d-orleans-depuis-1994_12963357\/<\/a>.  Et ici le montage <a rel=\"noreferrer noopener\" href=\"https:\/\/www.facebook.com\/eric.gabriel.45\/videos\/1516612992171621\/?idorvanity=1879899675481821\" target=\"_blank\">https:\/\/www.facebook.com\/eric.gabriel.45\/videos\/1516612992171621\/?idorvanity=1879899675481821 <\/a>o\u00f9 l&rsquo;on voit le p\u00e8re, Max, son \u00e9pouse et leur fils Eric \u0153uvrer au montage complet du man\u00e8ge.<\/p>\n\n\n\n<p>C&rsquo;est en 2019 que je reprends le tablier avec gratitude pour la famille Pernin. Je me sens fi\u00e8re, \u00e9mue de poursuivre l&rsquo;enchantement, en chantant, sur nos grands classique, des chansons d&rsquo;enfants, de grands, surtout Fran\u00e7aise, surtout vari\u00e9es&#8230; \ud83d\ude09<br>Second\u00e9e dans cette aventure par mon p\u00e9tillant fr\u00e8re Roch, heureux inventeur du <a href=\"http:\/\/www.dominomot.net\" target=\"_blank\" rel=\"noreferrer noopener\">Domino-Mot,\u00a0<\/a> un catalyseur d\u2019humour !<br>Je continue de faire des meubles en carton voir le site <a href=\"http:\/\/www.sacartoun.com\" target=\"_blank\" rel=\"noreferrer noopener\">\u00c7a Cartoun.<\/a><br>Et \u00ab\u00a0c&rsquo;est comme \u00e7a que tout tourne rond\u00a0\u00bb ! <a href=\"https:\/\/www.youtube.com\/watch?v=PiHsO_90owA&amp;t=1s\" target=\"_blank\" rel=\"noreferrer noopener\">(clic)<\/a><\/p>\n\n\n\n<h1 class=\"wp-block-heading\">Jouer au Domino- -mot<\/h1>\n\n\n\n<div class=\"wp-block-media-text alignwide is-stacked-on-mobile\"><figure class=\"wp-block-media-text__media\"><img loading=\"lazy\" decoding=\"async\" width=\"410\" height=\"421\" src=\"https:\/\/leptitmanege.fr\/wp-content\/uploads\/2021\/05\/promo2.jpg\" alt=\"\" class=\"wp-image-56 size-full\" srcset=\"https:\/\/leptitmanege.fr\/wp-content\/uploads\/2021\/05\/promo2.jpg 410w, https:\/\/leptitmanege.fr\/wp-content\/uploads\/2021\/05\/promo2-292x300.jpg 292w\" sizes=\"auto, (max-width: 410px) 100vw, 410px\" \/><\/figure><div class=\"wp-block-media-text__content\">\n<p class=\"has-large-font-size\">Adoss\u00e9 \u00e0 nos tickets vous trouverez des dominos de mots, \u00e9chantillon du jeu \u00ab\u00a0domino-mot\u00a0\u00bb qui permet de s&rsquo;amuser \u00e0 recomposer des mots en leur inventant leur d\u00e9finition. Ainsi, sur l&rsquo;image, \u00ab\u00a0\u00e9tat-soeur\u00a0\u00bb,  lorsque des pays sont jumel\u00e9s, ou  \u00ab\u00a0lave-bouche\u00a0\u00bb pour parler d&rsquo;un bon ap\u00e9ro!  <\/p>\n<\/div><\/div>\n\n\n\n<h3 class=\"wp-block-heading has-text-align-left\">Avec une boite de jeu complet, un petit cube, sign\u00e9 et num\u00e9rot\u00e9, qui tient dans une poche, vous multiplierez le nombre de combinaisons formant du sens. Ce sont des heures de jeux de mots, de rires, de d\u00e9couvertes en famille, entre amis qui vous attendent.  Les boites sont en vente <a rel=\"noreferrer noopener\" href=\"http:\/\/www.dominomot.net\/\" target=\"_blank\">sur ce site<\/a>, et au P&rsquo;tit Man\u00e8ge. <\/h3>\n\n\n\n<h3 class=\"wp-block-heading\"><strong>A l&rsquo;occasion du festival du parc Pasteur, ou d&rsquo;autres festivit\u00e9s, Vous pourrez <strong>faire une partie avec des dominos sur-dimensionn\u00e9s<\/strong><\/strong>, anim\u00e9e par <strong>l&rsquo;auteur de ce jeu, Roch Daroussin, art-plasticien passionn\u00e9 de langues anim\u00e9es. <\/strong><\/h3>\n\n\n\n<h3 class=\"wp-block-heading\"><strong>Sur le <a rel=\"noreferrer noopener\" href=\"http:\/\/www.dominomot.net\" target=\"_blank\">site<\/a> vous pouvez demander des \u00e9chantillons; lire et t\u00e9l\u00e9charger la r\u00e8gle; consulter et s&rsquo;exprimer sur le forum; prendre connaissance du jeu de base (400 mots du fran\u00e7ais de l&rsquo;hexagone) , des corpus de mots de toute la francophonie (Centre Afrique, R\u00e9union, Nelle Cal\u00e9donie, Burundi, Qu\u00e9bec &#8230;) et de ses nombreuses extensions (Anglais; Grec&amp;Latins; Mots d&rsquo;Auteurs &#8230;)<\/strong><\/h3>\n","protected":false},"excerpt":{"rendered":"<p>Tout en po\u00e9sie, ce v\u00e9n\u00e9rable carrousel, construit en 1938, accueille les enfants d\u00e8s qu\u2019ils savent s\u2019asseoir dans un avion ou une voiture au si\u00e8ge profond, [&#8230;]<\/p>\n","protected":false},"author":1,"featured_media":0,"parent":0,"menu_order":0,"comment_status":"open","ping_status":"closed","template":"","meta":{"footnotes":""},"class_list":["post-24","page","type-page","status-publish","hentry"],"_links":{"self":[{"href":"https:\/\/leptitmanege.fr\/index.php\/wp-json\/wp\/v2\/pages\/24","targetHints":{"allow":["GET"]}}],"collection":[{"href":"https:\/\/leptitmanege.fr\/index.php\/wp-json\/wp\/v2\/pages"}],"about":[{"href":"https:\/\/leptitmanege.fr\/index.php\/wp-json\/wp\/v2\/types\/page"}],"author":[{"embeddable":true,"href":"https:\/\/leptitmanege.fr\/index.php\/wp-json\/wp\/v2\/users\/1"}],"replies":[{"embeddable":true,"href":"https:\/\/leptitmanege.fr\/index.php\/wp-json\/wp\/v2\/comments?post=24"}],"version-history":[{"count":37,"href":"https:\/\/leptitmanege.fr\/index.php\/wp-json\/wp\/v2\/pages\/24\/revisions"}],"predecessor-version":[{"id":350,"href":"https:\/\/leptitmanege.fr\/index.php\/wp-json\/wp\/v2\/pages\/24\/revisions\/350"}],"wp:attachment":[{"href":"https:\/\/leptitmanege.fr\/index.php\/wp-json\/wp\/v2\/media?parent=24"}],"curies":[{"name":"wp","href":"https:\/\/api.w.org\/{rel}","templated":true}]}}