{"id":92,"date":"2021-06-14T11:10:23","date_gmt":"2021-06-14T09:10:23","guid":{"rendered":"https:\/\/leptitmanege.fr\/?page_id=92"},"modified":"2025-10-11T21:33:46","modified_gmt":"2025-10-11T19:33:46","slug":"le-parc-pasteur","status":"publish","type":"page","link":"https:\/\/leptitmanege.fr\/index.php\/le-parc-pasteur\/","title":{"rendered":"Le parc Pasteur"},"content":{"rendered":"\n<p>C\u2019 est un jardin public cr\u00e9\u00e9 en 1927 sur quatre hectares consacr\u00e9 \u00e0 la culture de la vigne jusqu&rsquo;au milieu du XVIIIe si\u00e8cle, puis \u00e0 un cimeti\u00e8re dont la porte sculpt\u00e9e, issue de l\u2019ancienne \u00e9glise Saint-Samson des J\u00e9suites, a \u00e9t\u00e9 gard\u00e9 en d\u00e9coration, puis des jardins familiaux y sont am\u00e9nag\u00e9s jusqu&rsquo;\u00e0 la fin de la guerre de 14\/18.<\/p>\n\n\n\n<p>Le parc Louis-Pasteur, ainsi nomm\u00e9 depuis 1929, en signe de reconnaissance pour ce scientifique fran\u00e7ais qui, en publiant des travaux sur le ferment du vinaigre, permet de maintenir l&rsquo;activit\u00e9 des vinaigreries locales, est dessin\u00e9 selon les plans de l\u2019architecte paysagiste \u00c9douard Gitton et les premi\u00e8res essences foresti\u00e8res sont choisies par les horticulteurs Eug\u00e9ne Turbat, L\u00e9on Chenault et Ren\u00e9 Barbier. Plusieurs arbres du parc portent le label arbre remarquable. On peut notamment d\u00e9couvrir des h\u00eatres pleureurs, un Ginkgo biloba, un c\u00e8dre bleu ou un c\u00e8dre de l\u2019Himalaya.<\/p>\n\n\n\n<p>Il est agr\u00e9ment\u00e9 d&rsquo;une fontaine d\u00e9coulant sur un bassin, align\u00e9 dans l&rsquo;axe de la cath\u00e9drale Sainte Croix. Ainsi que de plusieurs sculptures&nbsp;: <em>La Source humaine<\/em> de F\u00e9lix Charpentier, et <em>Le Premier Toit<\/em> de Maxime Real del Sarte, <em>Femme nue terrassant l&rsquo;Aigle<\/em> de Villeau, <em>La Sculpture<\/em>, marbre de L\u00e9on Fagel, <em>L&rsquo;Homme au Loup<\/em>, marbre de Georges Jacquot.<\/p>\n\n\n\n<p>Son 1<sup>er<\/sup> man\u00e8ge de chevaux de bois s\u2019y installe en 1941. En 1951 la ville jumel\u00e9e am\u00e9ricaine de Wichita (Kansas) offre un train miniature \u00e0 la ville d\u2019Orl\u00e9ans. Il devient fonctionnel lors des f\u00eates Johaniques de 1952. (source: https:\/\/fr.wikipedia.org\/wiki\/Parc_Louis-Pasteur)<\/p>\n\n\n\n<p>Toutes les pelouses sont autoris\u00e9es aux picnics  \ud83d\ude09<\/p>\n\n\n\n<h1 class=\"wp-block-heading has-text-align-center\">LES ANIMATIONS R\u00c9GULI\u00c8RES<\/h1>\n\n\n\n<p><strong>Les poneys<\/strong>&nbsp;: Centre \u00e9questre les Cavaliers Chapellois de Maison Rouge,&nbsp;02 38 72 01 49, les mercredi et samedi apr\u00e8s-midi de 14h30 \u00e0 18&nbsp;heures, au niveau de l\u2019esplanade de la R\u00e9sistance et de la D\u00e9portation, pendant les mois de juillet et ao\u00fbt (sauf jours f\u00e9ri\u00e9s). Activit\u00e9 payante, \u00e0 partir de 3 ans environ. <\/p>\n\n\n\n<p><strong>Le man\u00e8ge Sellier<\/strong>, \u00e0 3\u20ac le tour<\/p>\n\n\n\n<p><strong>La buvette de Eric<\/strong> : boissons, cr\u00eapes, gaufres, glaces et autres friandises. Ouvert d\u00e8s qu&rsquo;il fait beau.<\/p>\n\n\n\n<p><strong>Le kiosque : <\/strong>que l&rsquo;on peut r\u00e9server aupr\u00e8s de la mairie de quartier pour y proposer toutes animations publique (Mairie nord Blossi\u00e9re pour celui du parc Pasteur 02 38 43 94 44)<\/p>\n\n\n\n<p><strong>Le composteur :<\/strong> pour s&rsquo;y inscrire voir la m\u00e9tropole, Maxime Herblin au 02.38 56 90 00<\/p>\n\n\n\n<p><strong>Les tennis<\/strong><\/p>\n\n\n\n<p><strong>Un terrain de volley bal<\/strong><\/p>\n\n\n\n<p><strong>2 aires de jeux pour petits et plus grands<\/strong><\/p>\n\n\n\n<p class=\"has-text-align-left\"><strong>Le Petit Train Wichita<\/strong> : est en arr\u00eat pour une dur\u00e9e ind\u00e9termin\u00e9e, la chaudi\u00e8re n&rsquo;\u00e9tant plus aux normes. Une chaudi\u00e8re aux normes co\u00fbte 100 mille \u20ac, la mairie aura t&rsquo;elle un jour le budget. (Retrouvez les infos sur ce petit bijou du Parc Pasteur ici <a href=\"http:\/\/www.amfc-orleans.fr\/tra...\/planning-des-circulations\/\" target=\"_blank\" rel=\"noreferrer noopener\">http:\/\/www.amfc-orleans.fr\/tra&#8230;\/planning-des-circulations\/<\/a>&nbsp;&nbsp; et sur FB&nbsp; <a href=\"https:\/\/www.facebook.com\/AssociationdesModelistesFerroviairesduCentre\/\" target=\"_blank\" rel=\"noreferrer noopener\">https:\/\/www.facebook.com\/AssociationdesModelistesFerroviairesduCentre\/<\/a>.&nbsp; Il circule de mai \u00e0 septembre inclus, au moins 1 fois par semaine.&nbsp; GRATUIT. )<br><\/p>\n","protected":false},"excerpt":{"rendered":"<p>C\u2019 est un jardin public cr\u00e9\u00e9 en 1927 sur quatre hectares consacr\u00e9 \u00e0 la culture de la vigne jusqu&rsquo;au milieu du XVIIIe si\u00e8cle, puis \u00e0 [&#8230;]<\/p>\n","protected":false},"author":1,"featured_media":0,"parent":0,"menu_order":0,"comment_status":"closed","ping_status":"closed","template":"","meta":{"footnotes":""},"class_list":["post-92","page","type-page","status-publish","hentry"],"_links":{"self":[{"href":"https:\/\/leptitmanege.fr\/index.php\/wp-json\/wp\/v2\/pages\/92","targetHints":{"allow":["GET"]}}],"collection":[{"href":"https:\/\/leptitmanege.fr\/index.php\/wp-json\/wp\/v2\/pages"}],"about":[{"href":"https:\/\/leptitmanege.fr\/index.php\/wp-json\/wp\/v2\/types\/page"}],"author":[{"embeddable":true,"href":"https:\/\/leptitmanege.fr\/index.php\/wp-json\/wp\/v2\/users\/1"}],"replies":[{"embeddable":true,"href":"https:\/\/leptitmanege.fr\/index.php\/wp-json\/wp\/v2\/comments?post=92"}],"version-history":[{"count":5,"href":"https:\/\/leptitmanege.fr\/index.php\/wp-json\/wp\/v2\/pages\/92\/revisions"}],"predecessor-version":[{"id":347,"href":"https:\/\/leptitmanege.fr\/index.php\/wp-json\/wp\/v2\/pages\/92\/revisions\/347"}],"wp:attachment":[{"href":"https:\/\/leptitmanege.fr\/index.php\/wp-json\/wp\/v2\/media?parent=92"}],"curies":[{"name":"wp","href":"https:\/\/api.w.org\/{rel}","templated":true}]}}